{"id":19186,"date":"2025-09-11T11:48:52","date_gmt":"2025-09-11T09:48:52","guid":{"rendered":"https:\/\/cesarcaldevilla.es\/?page_id=19186"},"modified":"2026-02-12T20:10:27","modified_gmt":"2026-02-12T19:10:27","slug":"arcfox","status":"publish","type":"page","link":"https:\/\/cesarcaldevilla.es\/index.php\/arcfox\/","title":{"rendered":"Arcfox"},"content":{"rendered":"<div class=\"wpb-content-wrapper\"><p>[vc_row full_width=\u00bbstretch_row\u00bb css=\u00bb.vc_custom_1757350681694{background-color: #FFFFFF !important;}\u00bb][vc_column][vc_single_image image=\u00bb19187&#8243; img_size=\u00bb1920&#215;480&#8243; alignment=\u00bbcenter\u00bb css=\u00bb\u00bb][\/vc_column][\/vc_row][vc_row][vc_column]\n\t\t\t<!-- START Slider 3 REVOLUTION SLIDER 6.7.37 --><p class=\"rs-p-wp-fix\"><\/p>\n\t\t\t<rs-module-wrap id=\"rev_slider_77_1_wrapper\" data-source=\"gallery\" style=\"visibility:hidden;background:transparent;padding:0;margin:0px auto;margin-top:0;margin-bottom:0;\">\n\t\t\t\t<rs-module id=\"rev_slider_77_1\" style=\"\" data-version=\"6.7.37\">\n\t\t\t\t\t<rs-slides style=\"overflow: hidden; position: absolute;\">\n\t\t\t\t\t\t<rs-slide style=\"position: absolute;\" data-key=\"rs-122\" data-title=\"Slide\" data-in=\"o:0;\" data-out=\"a:false;\">\n\t\t\t\t\t\t\t<img decoding=\"async\" src=\"\/\/cesarcaldevilla.es\/wp-content\/plugins\/revslider\/sr6\/assets\/assets\/dummy.png\" alt=\"Slide\" title=\"Arcfox\" class=\"rev-slidebg tp-rs-img rs-lazyload\" data-lazyload=\"\/\/cesarcaldevilla.es\/wp-content\/plugins\/revslider\/sr6\/assets\/assets\/transparent.png\" data-no-retina>\n<!--\n\t\t\t\t\t\t\t--><rs-layer\n\t\t\t\t\t\t\t\tid=\"slider-77-slide-122-layer-0\" \n\t\t\t\t\t\t\t\tclass=\"rs-layer-video intrinsic-ignore\"\n\t\t\t\t\t\t\t\tdata-type=\"video\"\n\t\t\t\t\t\t\t\tdata-rsp_ch=\"on\"\n\t\t\t\t\t\t\t\tdata-xy=\"x:c;y:m;\"\n\t\t\t\t\t\t\t\tdata-text=\"w:normal;s:20,16,12,7;l:0,20,15,9;\"\n\t\t\t\t\t\t\t\tdata-dim=\"w:768px,634px,481px,448px;h:384px,317px,240px,224px;\"\n\t\t\t\t\t\t\t\tdata-video=\"vfc:true;vd:100;l:false;ptimer:false;\"\n\t\t\t\t\t\t\t\tdata-poster=\"\/\/cesarcaldevilla.es\/wp-content\/uploads\/revslider\/video-media\/ARCFOX-S5-PANEL-V2_122_layer.jpeg\"\n\t\t\t\t\t\t\t\tdata-mp4=\"\/\/cesarcaldevilla.es\/wp-content\/uploads\/2025\/09\/ARCFOX-S5-PANEL-V2.mov\"\n\t\t\t\t\t\t\t\tdata-frame_999=\"o:0;st:w;\"\n\t\t\t\t\t\t\t\tstyle=\"z-index:5;\"\n\t\t\t\t\t\t\t>\n\t\t\t\t\t\t\t<\/rs-layer><!--\n-->\t\t\t\t\t<\/rs-slide>\n\t\t\t\t\t<\/rs-slides>\n\t\t\t\t<\/rs-module>\n\t\t\t\t<script>\n\t\t\t\t\tsetREVStartSize({c: 'rev_slider_77_1',rl:[1240,1024,778,480],el:[500,500,300,300],gw:[1240,1024,778,480],gh:[500,500,300,300],type:'standard',justify:'',layout:'fullwidth',mh:\"0\"});if (window.RS_MODULES!==undefined && window.RS_MODULES.modules!==undefined && window.RS_MODULES.modules[\"revslider771\"]!==undefined) {window.RS_MODULES.modules[\"revslider771\"].once = false;window.revapi77 = undefined;if (window.RS_MODULES.checkMinimal!==undefined) window.RS_MODULES.checkMinimal()}\n\t\t\t\t<\/script>\n\t\t\t<\/rs-module-wrap>\n\t\t\t<!-- END REVOLUTION SLIDER -->\n[\/vc_column][\/vc_row][vc_row full_width=\u00bbstretch_row\u00bb css=\u00bb.vc_custom_1758708277796{background-color: #FFFFFF !important;}\u00bb][vc_column][vc_single_image image=\u00bb19190&#8243; img_size=\u00bb960&#215;640&#8243; alignment=\u00bbcenter\u00bb css=\u00bb.vc_custom_1757585274020{margin-bottom: 0px !important;}\u00bb][\/vc_column][\/vc_row][vc_row full_width=\u00bbstretch_row\u00bb css=\u00bb.vc_custom_1758708324828{background-color: #FFFFFF !important;}\u00bb][vc_column width=\u00bb1\/2&#8243; css=\u00bb.vc_custom_1758708357360{margin-top: 50px !important;}\u00bb][vc_single_image image=\u00bb19191&#8243; img_size=\u00bb960&#215;640&#8243; alignment=\u00bbcenter\u00bb css=\u00bb\u00bb][\/vc_column][vc_column width=\u00bb1\/2&#8243; css=\u00bb.vc_custom_1758708377728{margin-top: 50px !important;}\u00bb][vc_single_image image=\u00bb19192&#8243; img_size=\u00bb960&#215;640&#8243; alignment=\u00bbcenter\u00bb css=\u00bb\u00bb][\/vc_column][\/vc_row][vc_row css=\u00bb.vc_custom_1757585157702{margin-top: 50px !important;}\u00bb][vc_column][vc_single_image image=\u00bb19193&#8243; img_size=\u00bb1920&#215;1061&#8243; alignment=\u00bbcenter\u00bb css=\u00bb\u00bb][\/vc_column][\/vc_row][vc_row full_width=\u00bbstretch_row\u00bb css=\u00bb.vc_custom_1758708428132{background-color: #FFFFFF !important;}\u00bb][vc_column width=\u00bb1\/2&#8243; css=\u00bb.vc_custom_1758708444778{margin-top: 50px !important;}\u00bb][vc_single_image image=\u00bb19194&#8243; img_size=\u00bb960&#215;488&#8243; alignment=\u00bbcenter\u00bb css=\u00bb\u00bb][\/vc_column][vc_column width=\u00bb1\/2&#8243; css=\u00bb.vc_custom_1758708452056{margin-top: 50px !important;}\u00bb][vc_single_image image=\u00bb19195&#8243; img_size=\u00bb960&#215;488&#8243; alignment=\u00bbcenter\u00bb css=\u00bb\u00bb][\/vc_column][\/vc_row][vc_row css=\u00bb.vc_custom_1757574850529{margin-top: 70px !important;margin-bottom: 50px !important;}\u00bb][vc_column css=\u00bb.vc_custom_1732610106759{margin-bottom: -100px !important;}\u00bb][vc_icon icon_fontawesome=\u00bbfas fa-reply\u00bb color=\u00bbcustom\u00bb size=\u00bblg\u00bb align=\u00bbcenter\u00bb css=\u00bb\u00bb link=\u00bburl:https%3A%2F%2Fcesarcaldevilla.es%2F|title:inicio\u00bb custom_color=\u00bb#DD3333&#8243;][\/vc_column][\/vc_row]<\/p>\n<\/div>","protected":false},"excerpt":{"rendered":"<p>[vc_row full_width=\u00bbstretch_row\u00bb css=\u00bb.vc_custom_1757350681694{background-color: #FFFFFF !important;}\u00bb][vc_column][vc_single_image image=\u00bb19187&#8243; img_size=\u00bb1920&#215;480&#8243; alignment=\u00bbcenter\u00bb css=\u00bb\u00bb][\/vc_column][\/vc_row][vc_row][vc_column][\/vc_column][\/vc_row][vc_row full_width=\u00bbstretch_row\u00bb css=\u00bb.vc_custom_1758708277796{background-color: #FFFFFF !important;}\u00bb][vc_column][vc_single_image image=\u00bb19190&#8243; img_size=\u00bb960&#215;640&#8243; alignment=\u00bbcenter\u00bb css=\u00bb.vc_custom_1757585274020{margin-bottom: 0px !important;}\u00bb][\/vc_column][\/vc_row][vc_row full_width=\u00bbstretch_row\u00bb css=\u00bb.vc_custom_1758708324828{background-color: #FFFFFF !important;}\u00bb][vc_column width=\u00bb1\/2&#8243; css=\u00bb.vc_custom_1758708357360{margin-top: 50px !important;}\u00bb][vc_single_image image=\u00bb19191&#8243; img_size=\u00bb960&#215;640&#8243; alignment=\u00bbcenter\u00bb css=\u00bb\u00bb][\/vc_column][vc_column width=\u00bb1\/2&#8243; css=\u00bb.vc_custom_1758708377728{margin-top: 50px !important;}\u00bb][vc_single_image image=\u00bb19192&#8243; img_size=\u00bb960&#215;640&#8243; alignment=\u00bbcenter\u00bb css=\u00bb\u00bb][\/vc_column][\/vc_row][vc_row css=\u00bb.vc_custom_1757585157702{margin-top: 50px !important;}\u00bb][vc_column][vc_single_image image=\u00bb19193&#8243; img_size=\u00bb1920&#215;1061&#8243; alignment=\u00bbcenter\u00bb css=\u00bb\u00bb][\/vc_column][\/vc_row][vc_row full_width=\u00bbstretch_row\u00bb css=\u00bb.vc_custom_1758708428132{background-color: #FFFFFF !important;}\u00bb][vc_column width=\u00bb1\/2&#8243; css=\u00bb.vc_custom_1758708444778{margin-top: 50px !important;}\u00bb][vc_single_image image=\u00bb19194&#8243;&hellip;<\/p>\n","protected":false},"author":1,"featured_media":0,"parent":0,"menu_order":0,"comment_status":"closed","ping_status":"closed","template":"","meta":{"_acf_changed":false,"footnotes":""},"class_list":["post-19186","page","type-page","status-publish","hentry"],"acf":[],"yoast_head":"<!-- This site is optimized with the Yoast SEO plugin v27.0 - https:\/\/yoast.com\/product\/yoast-seo-wordpress\/ -->\n<title>Arcfox - C\u00e9sar Caldevilla<\/title>\n<meta name=\"robots\" content=\"index, follow, max-snippet:-1, max-image-preview:large, max-video-preview:-1\" \/>\n<link rel=\"canonical\" href=\"https:\/\/cesarcaldevilla.es\/index.php\/arcfox\/\" \/>\n<meta property=\"og:locale\" content=\"es_ES\" \/>\n<meta property=\"og:type\" content=\"article\" \/>\n<meta property=\"og:title\" content=\"Arcfox - C\u00e9sar Caldevilla\" \/>\n<meta property=\"og:description\" content=\"[vc_row full_width=\u00bbstretch_row\u00bb css=\u00bb.vc_custom_1757350681694{background-color: #FFFFFF !important;}\u00bb][vc_column][vc_single_image image=\u00bb19187&#8243; img_size=\u00bb1920&#215;480&#8243; alignment=\u00bbcenter\u00bb css=\u00bb\u00bb][\/vc_column][\/vc_row][vc_row][vc_column][\/vc_column][\/vc_row][vc_row full_width=\u00bbstretch_row\u00bb css=\u00bb.vc_custom_1758708277796{background-color: #FFFFFF !important;}\u00bb][vc_column][vc_single_image image=\u00bb19190&#8243; img_size=\u00bb960&#215;640&#8243; alignment=\u00bbcenter\u00bb css=\u00bb.vc_custom_1757585274020{margin-bottom: 0px !important;}\u00bb][\/vc_column][\/vc_row][vc_row full_width=\u00bbstretch_row\u00bb css=\u00bb.vc_custom_1758708324828{background-color: #FFFFFF !important;}\u00bb][vc_column width=\u00bb1\/2&#8243; css=\u00bb.vc_custom_1758708357360{margin-top: 50px !important;}\u00bb][vc_single_image image=\u00bb19191&#8243; img_size=\u00bb960&#215;640&#8243; alignment=\u00bbcenter\u00bb css=\u00bb\u00bb][\/vc_column][vc_column width=\u00bb1\/2&#8243; css=\u00bb.vc_custom_1758708377728{margin-top: 50px !important;}\u00bb][vc_single_image image=\u00bb19192&#8243; img_size=\u00bb960&#215;640&#8243; alignment=\u00bbcenter\u00bb css=\u00bb\u00bb][\/vc_column][\/vc_row][vc_row css=\u00bb.vc_custom_1757585157702{margin-top: 50px !important;}\u00bb][vc_column][vc_single_image image=\u00bb19193&#8243; img_size=\u00bb1920&#215;1061&#8243; alignment=\u00bbcenter\u00bb css=\u00bb\u00bb][\/vc_column][\/vc_row][vc_row full_width=\u00bbstretch_row\u00bb css=\u00bb.vc_custom_1758708428132{background-color: #FFFFFF !important;}\u00bb][vc_column width=\u00bb1\/2&#8243; css=\u00bb.vc_custom_1758708444778{margin-top: 50px !important;}\u00bb][vc_single_image image=\u00bb19194&#8243;&hellip;\" \/>\n<meta property=\"og:url\" content=\"https:\/\/cesarcaldevilla.es\/index.php\/arcfox\/\" \/>\n<meta property=\"og:site_name\" content=\"C\u00e9sar Caldevilla\" \/>\n<meta property=\"article:modified_time\" content=\"2026-02-12T19:10:27+00:00\" \/>\n<meta name=\"twitter:card\" content=\"summary_large_image\" \/>\n<meta name=\"twitter:label1\" content=\"Tiempo de lectura\" \/>\n\t<meta name=\"twitter:data1\" content=\"1 minuto\" \/>\n<script type=\"application\/ld+json\" class=\"yoast-schema-graph\">{\"@context\":\"https:\/\/schema.org\",\"@graph\":[{\"@type\":\"WebPage\",\"@id\":\"https:\/\/cesarcaldevilla.es\/index.php\/arcfox\/\",\"url\":\"https:\/\/cesarcaldevilla.es\/index.php\/arcfox\/\",\"name\":\"Arcfox - C\u00e9sar Caldevilla\",\"isPartOf\":{\"@id\":\"https:\/\/cesarcaldevilla.es\/#website\"},\"datePublished\":\"2025-09-11T09:48:52+00:00\",\"dateModified\":\"2026-02-12T19:10:27+00:00\",\"breadcrumb\":{\"@id\":\"https:\/\/cesarcaldevilla.es\/index.php\/arcfox\/#breadcrumb\"},\"inLanguage\":\"es\",\"potentialAction\":[{\"@type\":\"ReadAction\",\"target\":[\"https:\/\/cesarcaldevilla.es\/index.php\/arcfox\/\"]}]},{\"@type\":\"BreadcrumbList\",\"@id\":\"https:\/\/cesarcaldevilla.es\/index.php\/arcfox\/#breadcrumb\",\"itemListElement\":[{\"@type\":\"ListItem\",\"position\":1,\"name\":\"Home\",\"item\":\"https:\/\/cesarcaldevilla.es\/\"},{\"@type\":\"ListItem\",\"position\":2,\"name\":\"Arcfox\"}]},{\"@type\":\"WebSite\",\"@id\":\"https:\/\/cesarcaldevilla.es\/#website\",\"url\":\"https:\/\/cesarcaldevilla.es\/\",\"name\":\"C\u00e9sar Caldevilla\",\"description\":\"Creatividad, Direcci\u00f3n de Arte Dise\u00f1o\",\"publisher\":{\"@id\":\"https:\/\/cesarcaldevilla.es\/#organization\"},\"potentialAction\":[{\"@type\":\"SearchAction\",\"target\":{\"@type\":\"EntryPoint\",\"urlTemplate\":\"https:\/\/cesarcaldevilla.es\/?s={search_term_string}\"},\"query-input\":{\"@type\":\"PropertyValueSpecification\",\"valueRequired\":true,\"valueName\":\"search_term_string\"}}],\"inLanguage\":\"es\"},{\"@type\":\"Organization\",\"@id\":\"https:\/\/cesarcaldevilla.es\/#organization\",\"name\":\"C\u00e9sar Caldevilla\",\"url\":\"https:\/\/cesarcaldevilla.es\/\",\"logo\":{\"@type\":\"ImageObject\",\"inLanguage\":\"es\",\"@id\":\"https:\/\/cesarcaldevilla.es\/#\/schema\/logo\/image\/\",\"url\":\"https:\/\/cesarcaldevilla.es\/wp-content\/uploads\/2026\/02\/NUEVO-LOGO-CESAR-170x170-1.jpg\",\"contentUrl\":\"https:\/\/cesarcaldevilla.es\/wp-content\/uploads\/2026\/02\/NUEVO-LOGO-CESAR-170x170-1.jpg\",\"width\":170,\"height\":170,\"caption\":\"C\u00e9sar Caldevilla\"},\"image\":{\"@id\":\"https:\/\/cesarcaldevilla.es\/#\/schema\/logo\/image\/\"}}]}<\/script>\n<!-- \/ Yoast SEO plugin. -->","yoast_head_json":{"title":"Arcfox - C\u00e9sar Caldevilla","robots":{"index":"index","follow":"follow","max-snippet":"max-snippet:-1","max-image-preview":"max-image-preview:large","max-video-preview":"max-video-preview:-1"},"canonical":"https:\/\/cesarcaldevilla.es\/index.php\/arcfox\/","og_locale":"es_ES","og_type":"article","og_title":"Arcfox - C\u00e9sar Caldevilla","og_description":"[vc_row full_width=\u00bbstretch_row\u00bb css=\u00bb.vc_custom_1757350681694{background-color: #FFFFFF !important;}\u00bb][vc_column][vc_single_image image=\u00bb19187&#8243; img_size=\u00bb1920&#215;480&#8243; alignment=\u00bbcenter\u00bb css=\u00bb\u00bb][\/vc_column][\/vc_row][vc_row][vc_column][\/vc_column][\/vc_row][vc_row full_width=\u00bbstretch_row\u00bb css=\u00bb.vc_custom_1758708277796{background-color: #FFFFFF !important;}\u00bb][vc_column][vc_single_image image=\u00bb19190&#8243; img_size=\u00bb960&#215;640&#8243; alignment=\u00bbcenter\u00bb css=\u00bb.vc_custom_1757585274020{margin-bottom: 0px !important;}\u00bb][\/vc_column][\/vc_row][vc_row full_width=\u00bbstretch_row\u00bb css=\u00bb.vc_custom_1758708324828{background-color: #FFFFFF !important;}\u00bb][vc_column width=\u00bb1\/2&#8243; css=\u00bb.vc_custom_1758708357360{margin-top: 50px !important;}\u00bb][vc_single_image image=\u00bb19191&#8243; img_size=\u00bb960&#215;640&#8243; alignment=\u00bbcenter\u00bb css=\u00bb\u00bb][\/vc_column][vc_column width=\u00bb1\/2&#8243; css=\u00bb.vc_custom_1758708377728{margin-top: 50px !important;}\u00bb][vc_single_image image=\u00bb19192&#8243; img_size=\u00bb960&#215;640&#8243; alignment=\u00bbcenter\u00bb css=\u00bb\u00bb][\/vc_column][\/vc_row][vc_row css=\u00bb.vc_custom_1757585157702{margin-top: 50px !important;}\u00bb][vc_column][vc_single_image image=\u00bb19193&#8243; img_size=\u00bb1920&#215;1061&#8243; alignment=\u00bbcenter\u00bb css=\u00bb\u00bb][\/vc_column][\/vc_row][vc_row full_width=\u00bbstretch_row\u00bb css=\u00bb.vc_custom_1758708428132{background-color: #FFFFFF !important;}\u00bb][vc_column width=\u00bb1\/2&#8243; css=\u00bb.vc_custom_1758708444778{margin-top: 50px !important;}\u00bb][vc_single_image image=\u00bb19194&#8243;&hellip;","og_url":"https:\/\/cesarcaldevilla.es\/index.php\/arcfox\/","og_site_name":"C\u00e9sar Caldevilla","article_modified_time":"2026-02-12T19:10:27+00:00","twitter_card":"summary_large_image","twitter_misc":{"Tiempo de lectura":"1 minuto"},"schema":{"@context":"https:\/\/schema.org","@graph":[{"@type":"WebPage","@id":"https:\/\/cesarcaldevilla.es\/index.php\/arcfox\/","url":"https:\/\/cesarcaldevilla.es\/index.php\/arcfox\/","name":"Arcfox - C\u00e9sar Caldevilla","isPartOf":{"@id":"https:\/\/cesarcaldevilla.es\/#website"},"datePublished":"2025-09-11T09:48:52+00:00","dateModified":"2026-02-12T19:10:27+00:00","breadcrumb":{"@id":"https:\/\/cesarcaldevilla.es\/index.php\/arcfox\/#breadcrumb"},"inLanguage":"es","potentialAction":[{"@type":"ReadAction","target":["https:\/\/cesarcaldevilla.es\/index.php\/arcfox\/"]}]},{"@type":"BreadcrumbList","@id":"https:\/\/cesarcaldevilla.es\/index.php\/arcfox\/#breadcrumb","itemListElement":[{"@type":"ListItem","position":1,"name":"Home","item":"https:\/\/cesarcaldevilla.es\/"},{"@type":"ListItem","position":2,"name":"Arcfox"}]},{"@type":"WebSite","@id":"https:\/\/cesarcaldevilla.es\/#website","url":"https:\/\/cesarcaldevilla.es\/","name":"C\u00e9sar Caldevilla","description":"Creatividad, Direcci\u00f3n de Arte Dise\u00f1o","publisher":{"@id":"https:\/\/cesarcaldevilla.es\/#organization"},"potentialAction":[{"@type":"SearchAction","target":{"@type":"EntryPoint","urlTemplate":"https:\/\/cesarcaldevilla.es\/?s={search_term_string}"},"query-input":{"@type":"PropertyValueSpecification","valueRequired":true,"valueName":"search_term_string"}}],"inLanguage":"es"},{"@type":"Organization","@id":"https:\/\/cesarcaldevilla.es\/#organization","name":"C\u00e9sar Caldevilla","url":"https:\/\/cesarcaldevilla.es\/","logo":{"@type":"ImageObject","inLanguage":"es","@id":"https:\/\/cesarcaldevilla.es\/#\/schema\/logo\/image\/","url":"https:\/\/cesarcaldevilla.es\/wp-content\/uploads\/2026\/02\/NUEVO-LOGO-CESAR-170x170-1.jpg","contentUrl":"https:\/\/cesarcaldevilla.es\/wp-content\/uploads\/2026\/02\/NUEVO-LOGO-CESAR-170x170-1.jpg","width":170,"height":170,"caption":"C\u00e9sar Caldevilla"},"image":{"@id":"https:\/\/cesarcaldevilla.es\/#\/schema\/logo\/image\/"}}]}},"_links":{"self":[{"href":"https:\/\/cesarcaldevilla.es\/index.php\/wp-json\/wp\/v2\/pages\/19186","targetHints":{"allow":["GET"]}}],"collection":[{"href":"https:\/\/cesarcaldevilla.es\/index.php\/wp-json\/wp\/v2\/pages"}],"about":[{"href":"https:\/\/cesarcaldevilla.es\/index.php\/wp-json\/wp\/v2\/types\/page"}],"author":[{"embeddable":true,"href":"https:\/\/cesarcaldevilla.es\/index.php\/wp-json\/wp\/v2\/users\/1"}],"replies":[{"embeddable":true,"href":"https:\/\/cesarcaldevilla.es\/index.php\/wp-json\/wp\/v2\/comments?post=19186"}],"version-history":[{"count":6,"href":"https:\/\/cesarcaldevilla.es\/index.php\/wp-json\/wp\/v2\/pages\/19186\/revisions"}],"predecessor-version":[{"id":19315,"href":"https:\/\/cesarcaldevilla.es\/index.php\/wp-json\/wp\/v2\/pages\/19186\/revisions\/19315"}],"wp:attachment":[{"href":"https:\/\/cesarcaldevilla.es\/index.php\/wp-json\/wp\/v2\/media?parent=19186"}],"curies":[{"name":"wp","href":"https:\/\/api.w.org\/{rel}","templated":true}]}}