{"id":19200,"date":"2025-09-11T19:18:39","date_gmt":"2025-09-11T17:18:39","guid":{"rendered":"https:\/\/cesarcaldevilla.es\/?page_id=19200"},"modified":"2026-02-12T20:09:52","modified_gmt":"2026-02-12T19:09:52","slug":"airtificial","status":"publish","type":"page","link":"https:\/\/cesarcaldevilla.es\/index.php\/airtificial\/","title":{"rendered":"Aitificial"},"content":{"rendered":"<div class=\"wpb-content-wrapper\"><p>[vc_row full_width=\u00bbstretch_row\u00bb css=\u00bb.vc_custom_1757350681694{background-color: #FFFFFF !important;}\u00bb][vc_column][vc_single_image image=\u00bb19201&#8243; img_size=\u00bb1920&#215;960&#8243; alignment=\u00bbcenter\u00bb css=\u00bb\u00bb][\/vc_column][\/vc_row][vc_row full_width=\u00bbstretch_row\u00bb css=\u00bb.vc_custom_1758708640621{background-color: #FFFFFF !important;}\u00bb][vc_column width=\u00bb1\/2&#8243; css=\u00bb.vc_custom_1758708600079{margin-top: 50px !important;}\u00bb][vc_single_image image=\u00bb19204&#8243; img_size=\u00bb1000&#215;703&#8243; alignment=\u00bbcenter\u00bb css=\u00bb.vc_custom_1757610134868{margin-bottom: 0px !important;}\u00bb][\/vc_column][vc_column width=\u00bb1\/2&#8243; css=\u00bb.vc_custom_1758708647445{margin-top: 50px !important;}\u00bb][vc_single_image image=\u00bb19203&#8243; img_size=\u00bb1000&#215;703&#8243; alignment=\u00bbcenter\u00bb css=\u00bb.vc_custom_1757609854265{margin-bottom: 0px !important;}\u00bb][\/vc_column][\/vc_row][vc_row full_width=\u00bbstretch_row\u00bb css=\u00bb.vc_custom_1757574758317{margin-top: 50px !important;background-color: #FFFFFF !important;}\u00bb][vc_column][vc_single_image image=\u00bb19211&#8243; img_size=\u00bb1920&#215;579&#8243; alignment=\u00bbcenter\u00bb css=\u00bb\u00bb][\/vc_column][\/vc_row][vc_row full_width=\u00bbstretch_row\u00bb css=\u00bb.vc_custom_1758708679073{background-color: #FFFFFF !important;}\u00bb][vc_column width=\u00bb1\/2&#8243; css=\u00bb.vc_custom_1758708686367{margin-top: 50px !important;}\u00bb][vc_single_image image=\u00bb19213&#8243; img_size=\u00bb842&#215;595&#8243; alignment=\u00bbcenter\u00bb css=\u00bb\u00bb][\/vc_column][vc_column width=\u00bb1\/2&#8243; css=\u00bb.vc_custom_1758708694155{margin-top: 50px !important;}\u00bb][vc_single_image image=\u00bb19215&#8243; img_size=\u00bb842&#215;595&#8243; alignment=\u00bbcenter\u00bb css=\u00bb\u00bb][\/vc_column][\/vc_row][vc_row full_width=\u00bbstretch_row\u00bb css=\u00bb.vc_custom_1758708704780{background-color: #FFFFFF !important;}\u00bb][vc_column width=\u00bb1\/2&#8243; css=\u00bb.vc_custom_1758708718410{margin-top: 50px !important;}\u00bb][vc_single_image image=\u00bb19217&#8243; img_size=\u00bb842&#215;595&#8243; alignment=\u00bbcenter\u00bb css=\u00bb\u00bb][\/vc_column][vc_column width=\u00bb1\/2&#8243; css=\u00bb.vc_custom_1758708711966{margin-top: 50px !important;}\u00bb][vc_single_image image=\u00bb19218&#8243; img_size=\u00bb842&#215;595&#8243; alignment=\u00bbcenter\u00bb css=\u00bb\u00bb][\/vc_column][\/vc_row][vc_row css=\u00bb.vc_custom_1757574850529{margin-top: 70px !important;margin-bottom: 50px !important;}\u00bb][vc_column css=\u00bb.vc_custom_1732610106759{margin-bottom: -100px !important;}\u00bb][vc_icon icon_fontawesome=\u00bbfas fa-reply\u00bb color=\u00bbcustom\u00bb size=\u00bblg\u00bb align=\u00bbcenter\u00bb css=\u00bb\u00bb link=\u00bburl:https%3A%2F%2Fcesarcaldevilla.es%2F|title:inicio\u00bb custom_color=\u00bb#DD3333&#8243;][\/vc_column][\/vc_row]<\/p>\n<\/div>","protected":false},"excerpt":{"rendered":"<p>[vc_row full_width=\u00bbstretch_row\u00bb css=\u00bb.vc_custom_1757350681694{background-color: #FFFFFF !important;}\u00bb][vc_column][vc_single_image image=\u00bb19201&#8243; img_size=\u00bb1920&#215;960&#8243; alignment=\u00bbcenter\u00bb css=\u00bb\u00bb][\/vc_column][\/vc_row][vc_row full_width=\u00bbstretch_row\u00bb css=\u00bb.vc_custom_1758708640621{background-color: #FFFFFF !important;}\u00bb][vc_column width=\u00bb1\/2&#8243; css=\u00bb.vc_custom_1758708600079{margin-top: 50px !important;}\u00bb][vc_single_image image=\u00bb19204&#8243; img_size=\u00bb1000&#215;703&#8243; alignment=\u00bbcenter\u00bb css=\u00bb.vc_custom_1757610134868{margin-bottom: 0px !important;}\u00bb][\/vc_column][vc_column width=\u00bb1\/2&#8243; css=\u00bb.vc_custom_1758708647445{margin-top: 50px !important;}\u00bb][vc_single_image image=\u00bb19203&#8243; img_size=\u00bb1000&#215;703&#8243; alignment=\u00bbcenter\u00bb css=\u00bb.vc_custom_1757609854265{margin-bottom: 0px !important;}\u00bb][\/vc_column][\/vc_row][vc_row full_width=\u00bbstretch_row\u00bb css=\u00bb.vc_custom_1757574758317{margin-top: 50px !important;background-color: #FFFFFF !important;}\u00bb][vc_column][vc_single_image image=\u00bb19211&#8243; img_size=\u00bb1920&#215;579&#8243; alignment=\u00bbcenter\u00bb css=\u00bb\u00bb][\/vc_column][\/vc_row][vc_row full_width=\u00bbstretch_row\u00bb css=\u00bb.vc_custom_1758708679073{background-color: #FFFFFF !important;}\u00bb][vc_column width=\u00bb1\/2&#8243; css=\u00bb.vc_custom_1758708686367{margin-top: 50px !important;}\u00bb][vc_single_image image=\u00bb19213&#8243; img_size=\u00bb842&#215;595&#8243; alignment=\u00bbcenter\u00bb css=\u00bb\u00bb][\/vc_column][vc_column&hellip;<\/p>\n","protected":false},"author":1,"featured_media":0,"parent":0,"menu_order":0,"comment_status":"closed","ping_status":"closed","template":"","meta":{"_acf_changed":false,"footnotes":""},"class_list":["post-19200","page","type-page","status-publish","hentry"],"acf":[],"yoast_head":"<!-- This site is optimized with the Yoast SEO plugin v27.0 - https:\/\/yoast.com\/product\/yoast-seo-wordpress\/ -->\n<title>Aitificial - C\u00e9sar Caldevilla<\/title>\n<meta name=\"robots\" content=\"index, follow, max-snippet:-1, max-image-preview:large, max-video-preview:-1\" \/>\n<link rel=\"canonical\" href=\"https:\/\/cesarcaldevilla.es\/index.php\/airtificial\/\" \/>\n<meta property=\"og:locale\" content=\"es_ES\" \/>\n<meta property=\"og:type\" content=\"article\" \/>\n<meta property=\"og:title\" content=\"Aitificial - C\u00e9sar Caldevilla\" \/>\n<meta property=\"og:description\" content=\"[vc_row full_width=\u00bbstretch_row\u00bb css=\u00bb.vc_custom_1757350681694{background-color: #FFFFFF !important;}\u00bb][vc_column][vc_single_image image=\u00bb19201&#8243; img_size=\u00bb1920&#215;960&#8243; alignment=\u00bbcenter\u00bb css=\u00bb\u00bb][\/vc_column][\/vc_row][vc_row full_width=\u00bbstretch_row\u00bb css=\u00bb.vc_custom_1758708640621{background-color: #FFFFFF !important;}\u00bb][vc_column width=\u00bb1\/2&#8243; css=\u00bb.vc_custom_1758708600079{margin-top: 50px !important;}\u00bb][vc_single_image image=\u00bb19204&#8243; img_size=\u00bb1000&#215;703&#8243; alignment=\u00bbcenter\u00bb css=\u00bb.vc_custom_1757610134868{margin-bottom: 0px !important;}\u00bb][\/vc_column][vc_column width=\u00bb1\/2&#8243; css=\u00bb.vc_custom_1758708647445{margin-top: 50px !important;}\u00bb][vc_single_image image=\u00bb19203&#8243; img_size=\u00bb1000&#215;703&#8243; alignment=\u00bbcenter\u00bb css=\u00bb.vc_custom_1757609854265{margin-bottom: 0px !important;}\u00bb][\/vc_column][\/vc_row][vc_row full_width=\u00bbstretch_row\u00bb css=\u00bb.vc_custom_1757574758317{margin-top: 50px !important;background-color: #FFFFFF !important;}\u00bb][vc_column][vc_single_image image=\u00bb19211&#8243; img_size=\u00bb1920&#215;579&#8243; alignment=\u00bbcenter\u00bb css=\u00bb\u00bb][\/vc_column][\/vc_row][vc_row full_width=\u00bbstretch_row\u00bb css=\u00bb.vc_custom_1758708679073{background-color: #FFFFFF !important;}\u00bb][vc_column width=\u00bb1\/2&#8243; css=\u00bb.vc_custom_1758708686367{margin-top: 50px !important;}\u00bb][vc_single_image image=\u00bb19213&#8243; img_size=\u00bb842&#215;595&#8243; alignment=\u00bbcenter\u00bb css=\u00bb\u00bb][\/vc_column][vc_column&hellip;\" \/>\n<meta property=\"og:url\" content=\"https:\/\/cesarcaldevilla.es\/index.php\/airtificial\/\" \/>\n<meta property=\"og:site_name\" content=\"C\u00e9sar Caldevilla\" \/>\n<meta property=\"article:modified_time\" content=\"2026-02-12T19:09:52+00:00\" \/>\n<meta name=\"twitter:card\" content=\"summary_large_image\" \/>\n<meta name=\"twitter:label1\" content=\"Tiempo de lectura\" \/>\n\t<meta name=\"twitter:data1\" content=\"1 minuto\" \/>\n<script type=\"application\/ld+json\" class=\"yoast-schema-graph\">{\"@context\":\"https:\/\/schema.org\",\"@graph\":[{\"@type\":\"WebPage\",\"@id\":\"https:\/\/cesarcaldevilla.es\/index.php\/airtificial\/\",\"url\":\"https:\/\/cesarcaldevilla.es\/index.php\/airtificial\/\",\"name\":\"Aitificial - C\u00e9sar Caldevilla\",\"isPartOf\":{\"@id\":\"https:\/\/cesarcaldevilla.es\/#website\"},\"datePublished\":\"2025-09-11T17:18:39+00:00\",\"dateModified\":\"2026-02-12T19:09:52+00:00\",\"breadcrumb\":{\"@id\":\"https:\/\/cesarcaldevilla.es\/index.php\/airtificial\/#breadcrumb\"},\"inLanguage\":\"es\",\"potentialAction\":[{\"@type\":\"ReadAction\",\"target\":[\"https:\/\/cesarcaldevilla.es\/index.php\/airtificial\/\"]}]},{\"@type\":\"BreadcrumbList\",\"@id\":\"https:\/\/cesarcaldevilla.es\/index.php\/airtificial\/#breadcrumb\",\"itemListElement\":[{\"@type\":\"ListItem\",\"position\":1,\"name\":\"Home\",\"item\":\"https:\/\/cesarcaldevilla.es\/\"},{\"@type\":\"ListItem\",\"position\":2,\"name\":\"Aitificial\"}]},{\"@type\":\"WebSite\",\"@id\":\"https:\/\/cesarcaldevilla.es\/#website\",\"url\":\"https:\/\/cesarcaldevilla.es\/\",\"name\":\"C\u00e9sar Caldevilla\",\"description\":\"Creatividad, Direcci\u00f3n de Arte Dise\u00f1o\",\"publisher\":{\"@id\":\"https:\/\/cesarcaldevilla.es\/#organization\"},\"potentialAction\":[{\"@type\":\"SearchAction\",\"target\":{\"@type\":\"EntryPoint\",\"urlTemplate\":\"https:\/\/cesarcaldevilla.es\/?s={search_term_string}\"},\"query-input\":{\"@type\":\"PropertyValueSpecification\",\"valueRequired\":true,\"valueName\":\"search_term_string\"}}],\"inLanguage\":\"es\"},{\"@type\":\"Organization\",\"@id\":\"https:\/\/cesarcaldevilla.es\/#organization\",\"name\":\"C\u00e9sar Caldevilla\",\"url\":\"https:\/\/cesarcaldevilla.es\/\",\"logo\":{\"@type\":\"ImageObject\",\"inLanguage\":\"es\",\"@id\":\"https:\/\/cesarcaldevilla.es\/#\/schema\/logo\/image\/\",\"url\":\"https:\/\/cesarcaldevilla.es\/wp-content\/uploads\/2026\/02\/NUEVO-LOGO-CESAR-170x170-1.jpg\",\"contentUrl\":\"https:\/\/cesarcaldevilla.es\/wp-content\/uploads\/2026\/02\/NUEVO-LOGO-CESAR-170x170-1.jpg\",\"width\":170,\"height\":170,\"caption\":\"C\u00e9sar Caldevilla\"},\"image\":{\"@id\":\"https:\/\/cesarcaldevilla.es\/#\/schema\/logo\/image\/\"}}]}<\/script>\n<!-- \/ Yoast SEO plugin. -->","yoast_head_json":{"title":"Aitificial - C\u00e9sar Caldevilla","robots":{"index":"index","follow":"follow","max-snippet":"max-snippet:-1","max-image-preview":"max-image-preview:large","max-video-preview":"max-video-preview:-1"},"canonical":"https:\/\/cesarcaldevilla.es\/index.php\/airtificial\/","og_locale":"es_ES","og_type":"article","og_title":"Aitificial - C\u00e9sar Caldevilla","og_description":"[vc_row full_width=\u00bbstretch_row\u00bb css=\u00bb.vc_custom_1757350681694{background-color: #FFFFFF !important;}\u00bb][vc_column][vc_single_image image=\u00bb19201&#8243; img_size=\u00bb1920&#215;960&#8243; alignment=\u00bbcenter\u00bb css=\u00bb\u00bb][\/vc_column][\/vc_row][vc_row full_width=\u00bbstretch_row\u00bb css=\u00bb.vc_custom_1758708640621{background-color: #FFFFFF !important;}\u00bb][vc_column width=\u00bb1\/2&#8243; css=\u00bb.vc_custom_1758708600079{margin-top: 50px !important;}\u00bb][vc_single_image image=\u00bb19204&#8243; img_size=\u00bb1000&#215;703&#8243; alignment=\u00bbcenter\u00bb css=\u00bb.vc_custom_1757610134868{margin-bottom: 0px !important;}\u00bb][\/vc_column][vc_column width=\u00bb1\/2&#8243; css=\u00bb.vc_custom_1758708647445{margin-top: 50px !important;}\u00bb][vc_single_image image=\u00bb19203&#8243; img_size=\u00bb1000&#215;703&#8243; alignment=\u00bbcenter\u00bb css=\u00bb.vc_custom_1757609854265{margin-bottom: 0px !important;}\u00bb][\/vc_column][\/vc_row][vc_row full_width=\u00bbstretch_row\u00bb css=\u00bb.vc_custom_1757574758317{margin-top: 50px !important;background-color: #FFFFFF !important;}\u00bb][vc_column][vc_single_image image=\u00bb19211&#8243; img_size=\u00bb1920&#215;579&#8243; alignment=\u00bbcenter\u00bb css=\u00bb\u00bb][\/vc_column][\/vc_row][vc_row full_width=\u00bbstretch_row\u00bb css=\u00bb.vc_custom_1758708679073{background-color: #FFFFFF !important;}\u00bb][vc_column width=\u00bb1\/2&#8243; css=\u00bb.vc_custom_1758708686367{margin-top: 50px !important;}\u00bb][vc_single_image image=\u00bb19213&#8243; img_size=\u00bb842&#215;595&#8243; alignment=\u00bbcenter\u00bb css=\u00bb\u00bb][\/vc_column][vc_column&hellip;","og_url":"https:\/\/cesarcaldevilla.es\/index.php\/airtificial\/","og_site_name":"C\u00e9sar Caldevilla","article_modified_time":"2026-02-12T19:09:52+00:00","twitter_card":"summary_large_image","twitter_misc":{"Tiempo de lectura":"1 minuto"},"schema":{"@context":"https:\/\/schema.org","@graph":[{"@type":"WebPage","@id":"https:\/\/cesarcaldevilla.es\/index.php\/airtificial\/","url":"https:\/\/cesarcaldevilla.es\/index.php\/airtificial\/","name":"Aitificial - C\u00e9sar Caldevilla","isPartOf":{"@id":"https:\/\/cesarcaldevilla.es\/#website"},"datePublished":"2025-09-11T17:18:39+00:00","dateModified":"2026-02-12T19:09:52+00:00","breadcrumb":{"@id":"https:\/\/cesarcaldevilla.es\/index.php\/airtificial\/#breadcrumb"},"inLanguage":"es","potentialAction":[{"@type":"ReadAction","target":["https:\/\/cesarcaldevilla.es\/index.php\/airtificial\/"]}]},{"@type":"BreadcrumbList","@id":"https:\/\/cesarcaldevilla.es\/index.php\/airtificial\/#breadcrumb","itemListElement":[{"@type":"ListItem","position":1,"name":"Home","item":"https:\/\/cesarcaldevilla.es\/"},{"@type":"ListItem","position":2,"name":"Aitificial"}]},{"@type":"WebSite","@id":"https:\/\/cesarcaldevilla.es\/#website","url":"https:\/\/cesarcaldevilla.es\/","name":"C\u00e9sar Caldevilla","description":"Creatividad, Direcci\u00f3n de Arte Dise\u00f1o","publisher":{"@id":"https:\/\/cesarcaldevilla.es\/#organization"},"potentialAction":[{"@type":"SearchAction","target":{"@type":"EntryPoint","urlTemplate":"https:\/\/cesarcaldevilla.es\/?s={search_term_string}"},"query-input":{"@type":"PropertyValueSpecification","valueRequired":true,"valueName":"search_term_string"}}],"inLanguage":"es"},{"@type":"Organization","@id":"https:\/\/cesarcaldevilla.es\/#organization","name":"C\u00e9sar Caldevilla","url":"https:\/\/cesarcaldevilla.es\/","logo":{"@type":"ImageObject","inLanguage":"es","@id":"https:\/\/cesarcaldevilla.es\/#\/schema\/logo\/image\/","url":"https:\/\/cesarcaldevilla.es\/wp-content\/uploads\/2026\/02\/NUEVO-LOGO-CESAR-170x170-1.jpg","contentUrl":"https:\/\/cesarcaldevilla.es\/wp-content\/uploads\/2026\/02\/NUEVO-LOGO-CESAR-170x170-1.jpg","width":170,"height":170,"caption":"C\u00e9sar Caldevilla"},"image":{"@id":"https:\/\/cesarcaldevilla.es\/#\/schema\/logo\/image\/"}}]}},"_links":{"self":[{"href":"https:\/\/cesarcaldevilla.es\/index.php\/wp-json\/wp\/v2\/pages\/19200","targetHints":{"allow":["GET"]}}],"collection":[{"href":"https:\/\/cesarcaldevilla.es\/index.php\/wp-json\/wp\/v2\/pages"}],"about":[{"href":"https:\/\/cesarcaldevilla.es\/index.php\/wp-json\/wp\/v2\/types\/page"}],"author":[{"embeddable":true,"href":"https:\/\/cesarcaldevilla.es\/index.php\/wp-json\/wp\/v2\/users\/1"}],"replies":[{"embeddable":true,"href":"https:\/\/cesarcaldevilla.es\/index.php\/wp-json\/wp\/v2\/comments?post=19200"}],"version-history":[{"count":12,"href":"https:\/\/cesarcaldevilla.es\/index.php\/wp-json\/wp\/v2\/pages\/19200\/revisions"}],"predecessor-version":[{"id":19317,"href":"https:\/\/cesarcaldevilla.es\/index.php\/wp-json\/wp\/v2\/pages\/19200\/revisions\/19317"}],"wp:attachment":[{"href":"https:\/\/cesarcaldevilla.es\/index.php\/wp-json\/wp\/v2\/media?parent=19200"}],"curies":[{"name":"wp","href":"https:\/\/api.w.org\/{rel}","templated":true}]}}